{"id":2,"date":"2021-01-27T08:32:41","date_gmt":"2021-01-27T13:32:41","guid":{"rendered":"https:\/\/gastro.wilmarmartin.com.co\/?page_id=2"},"modified":"2023-02-23T19:03:03","modified_gmt":"2023-02-24T00:03:03","slug":"acerca-de-nosotros","status":"publish","type":"page","link":"https:\/\/gastro.wilmarmartin.com.co\/en\/acerca-de-nosotros\/","title":{"rendered":"About me"},"content":{"rendered":"<div data-elementor-type=\"wp-page\" data-elementor-id=\"2\" class=\"elementor elementor-2\">\n\t\t\t\t\t\t<section class=\"elementor-section elementor-top-section elementor-element elementor-element-68722f1d elementor-section-boxed elementor-section-height-default elementor-section-height-default\" data-id=\"68722f1d\" data-element_type=\"section\" data-settings=\"{&quot;background_background&quot;:&quot;classic&quot;}\">\n\t\t\t\t\t\t<div class=\"elementor-container elementor-column-gap-default\">\n\t\t\t\t\t<div class=\"elementor-column elementor-col-50 elementor-top-column elementor-element elementor-element-2632f8bc\" data-id=\"2632f8bc\" data-element_type=\"column\">\n\t\t\t<div class=\"elementor-widget-wrap elementor-element-populated\">\n\t\t\t\t\t\t<div class=\"elementor-element elementor-element-7d7d15d5 elementor-widget elementor-widget-heading\" data-id=\"7d7d15d5\" data-element_type=\"widget\" data-widget_type=\"heading.default\">\n\t\t\t\t<div class=\"elementor-widget-container\">\n\t\t\t<h1 class=\"elementor-heading-title elementor-size-default\">MY STORY IN  <b>MEDICINE<\/b><\/h1>\t\t<\/div>\n\t\t\t\t<\/div>\n\t\t\t\t\t<\/div>\n\t\t<\/div>\n\t\t\t\t<div class=\"elementor-column elementor-col-50 elementor-top-column elementor-element elementor-element-1e888d55\" data-id=\"1e888d55\" data-element_type=\"column\">\n\t\t\t<div class=\"elementor-widget-wrap\">\n\t\t\t\t\t\t\t<\/div>\n\t\t<\/div>\n\t\t\t\t\t<\/div>\n\t\t<\/section>\n\t\t\t\t<section class=\"elementor-section elementor-top-section elementor-element elementor-element-fd0a79e elementor-section-boxed elementor-section-height-default elementor-section-height-default\" data-id=\"fd0a79e\" data-element_type=\"section\" data-settings=\"{&quot;background_background&quot;:&quot;classic&quot;}\">\n\t\t\t\t\t\t\t<div class=\"elementor-background-overlay\"><\/div>\n\t\t\t\t\t\t\t<div class=\"elementor-container elementor-column-gap-default\">\n\t\t\t\t\t<div class=\"elementor-column elementor-col-50 elementor-top-column elementor-element elementor-element-78816e8\" data-id=\"78816e8\" data-element_type=\"column\">\n\t\t\t<div class=\"elementor-widget-wrap elementor-element-populated\">\n\t\t\t\t\t\t<div class=\"elementor-element elementor-element-daf40ac elementor-widget elementor-widget-image\" data-id=\"daf40ac\" data-element_type=\"widget\" data-widget_type=\"image.default\">\n\t\t\t\t<div class=\"elementor-widget-container\">\n\t\t\t\t\t\t\t\t\t\t\t\t\t<img fetchpriority=\"high\" decoding=\"async\" width=\"800\" height=\"1020\" src=\"https:\/\/gastro.wilmarmartin.com.co\/wp-content\/uploads\/2023\/02\/German-Web-2023-2-803x1024.png\" class=\"attachment-large size-large wp-image-1737\" alt=\"\" srcset=\"https:\/\/gastro.wilmarmartin.com.co\/wp-content\/uploads\/2023\/02\/German-Web-2023-2-803x1024.png 803w, https:\/\/gastro.wilmarmartin.com.co\/wp-content\/uploads\/2023\/02\/German-Web-2023-2-235x300.png 235w, https:\/\/gastro.wilmarmartin.com.co\/wp-content\/uploads\/2023\/02\/German-Web-2023-2-768x980.png 768w, https:\/\/gastro.wilmarmartin.com.co\/wp-content\/uploads\/2023\/02\/German-Web-2023-2-9x12.png 9w, https:\/\/gastro.wilmarmartin.com.co\/wp-content\/uploads\/2023\/02\/German-Web-2023-2.png 1051w\" sizes=\"(max-width: 800px) 100vw, 800px\" \/>\t\t\t\t\t\t\t\t\t\t\t\t\t<\/div>\n\t\t\t\t<\/div>\n\t\t\t\t\t<\/div>\n\t\t<\/div>\n\t\t\t\t<div class=\"elementor-column elementor-col-50 elementor-top-column elementor-element elementor-element-e3ed53d\" data-id=\"e3ed53d\" data-element_type=\"column\">\n\t\t\t<div class=\"elementor-widget-wrap elementor-element-populated\">\n\t\t\t\t\t\t<section class=\"elementor-section elementor-inner-section elementor-element elementor-element-19a3398 elementor-section-height-min-height elementor-section-boxed elementor-section-height-default\" data-id=\"19a3398\" data-element_type=\"section\">\n\t\t\t\t\t\t<div class=\"elementor-container elementor-column-gap-default\">\n\t\t\t\t\t<div class=\"elementor-column elementor-col-100 elementor-inner-column elementor-element elementor-element-5bb34bf\" data-id=\"5bb34bf\" data-element_type=\"column\">\n\t\t\t<div class=\"elementor-widget-wrap elementor-element-populated\">\n\t\t\t\t\t\t<div class=\"elementor-element elementor-element-048afd3 elementor-widget elementor-widget-heading\" data-id=\"048afd3\" data-element_type=\"widget\" data-widget_type=\"heading.default\">\n\t\t\t\t<div class=\"elementor-widget-container\">\n\t\t\t<p class=\"elementor-heading-title elementor-size-default\">\"<\/p>\t\t<\/div>\n\t\t\t\t<\/div>\n\t\t\t\t<div class=\"elementor-element elementor-element-ad863ca elementor-widget elementor-widget-heading\" data-id=\"ad863ca\" data-element_type=\"widget\" data-widget_type=\"heading.default\">\n\t\t\t\t<div class=\"elementor-widget-container\">\n\t\t\t<h3 class=\"elementor-heading-title elementor-size-default\">SURGEON \/\/ GASTROENTEROLOGIST<\/h3>\t\t<\/div>\n\t\t\t\t<\/div>\n\t\t\t\t<div class=\"elementor-element elementor-element-900c0a2 elementor-widget elementor-widget-text-editor\" data-id=\"900c0a2\" data-element_type=\"widget\" data-widget_type=\"text-editor.default\">\n\t\t\t\t<div class=\"elementor-widget-container\">\n\t\t\t\t\t\t\t<p class=\"p1\"><span class=\"s1\">German<\/span><strong><span class=\"s2\"> Carvajal<\/span><\/strong><\/p>\t\t\t\t\t\t<\/div>\n\t\t\t\t<\/div>\n\t\t\t\t<div class=\"elementor-element elementor-element-2d4882d elementor-widget elementor-widget-text-editor\" data-id=\"2d4882d\" data-element_type=\"widget\" data-widget_type=\"text-editor.default\">\n\t\t\t\t<div class=\"elementor-widget-container\">\n\t\t\t\t\t\t\t<div>\n<div>\n<div>\n<div>\n<div>\n<div>\n<p>El Dr. Germ\u00e1n Carvajal es un distinguido gastroenter\u00f3logo con una amplia formaci\u00f3n y experiencia en el campo de la medicina. Se gradu\u00f3 como M\u00e9dico Cirujano de la Universidad Nacional de Colombia, donde tambi\u00e9n realiz\u00f3 su especializaci\u00f3n en Cirug\u00eda General.<\/p>\n<p>Posteriormente, se especializ\u00f3 en Gastroenterolog\u00eda y Endoscopia Digestiva en la Fundaci\u00f3n Universitaria Sanitas, lo que le permiti\u00f3 desarrollar habilidades y conocimientos avanzados en el diagn\u00f3stico y tratamiento de enfermedades del tracto digestivo.<\/p>\n<p>M\u00e1s recientemente, complet\u00f3 una tercera especializaci\u00f3n en Cl\u00ednica Reina Sof\u00eda en Ultrasonograf\u00eda Endosc\u00f3pica, otorgada por la Organizaci\u00f3n Mundial de Gastroenterolog\u00eda (WGO). Gracias a esta especializaci\u00f3n, el Dr. es un experto en la realizaci\u00f3n de ex\u00e1menes de ultrasonido de alta precisi\u00f3n en el tracto gastrointestinal.<\/p>\n<p>El Dr. Germ\u00e1n Carvajal cuenta con una amplia experiencia cl\u00ednica en el campo de la gastroenterolog\u00eda, y actualmente ejerce en la Cl\u00ednica Reina Sof\u00eda, donde ha demostrado ser un m\u00e9dico altamente capacitado, profesional y dedicado. Su compromiso con la excelencia m\u00e9dica y su pasi\u00f3n por ayudar a sus pacientes lo han convertido en un profesional altamente respetado en su campo.<\/p>\n<\/div>\n<\/div>\n<\/div>\n<\/div>\n<\/div>\n<\/div>\t\t\t\t\t\t<\/div>\n\t\t\t\t<\/div>\n\t\t\t\t\t<\/div>\n\t\t<\/div>\n\t\t\t\t\t<\/div>\n\t\t<\/section>\n\t\t\t\t\t<\/div>\n\t\t<\/div>\n\t\t\t\t\t<\/div>\n\t\t<\/section>\n\t\t\t\t<section class=\"elementor-section elementor-top-section elementor-element elementor-element-c7165fc elementor-section-boxed elementor-section-height-default elementor-section-height-default\" data-id=\"c7165fc\" data-element_type=\"section\">\n\t\t\t\t\t\t\t<div class=\"elementor-background-overlay\"><\/div>\n\t\t\t\t\t\t\t<div class=\"elementor-container elementor-column-gap-default\">\n\t\t\t\t\t<div class=\"elementor-column elementor-col-100 elementor-top-column elementor-element elementor-element-9c9100a\" data-id=\"9c9100a\" data-element_type=\"column\">\n\t\t\t<div class=\"elementor-widget-wrap elementor-element-populated\">\n\t\t\t\t\t\t<div class=\"elementor-element elementor-element-5c3f044 elementor-widget elementor-widget-text-editor\" data-id=\"5c3f044\" data-element_type=\"widget\" data-widget_type=\"text-editor.default\">\n\t\t\t\t<div class=\"elementor-widget-container\">\n\t\t\t\t\t\t\t<p>During my 14 years of experience in Medicine, at a professional level, I have performed impeccably, ethically and with resolution in most cases, making patients and families happy and satisfied people.<\/p>\n<p>Currently, I am dedicated to Gastroenterology and Digestive Endoscopy, diagnostic and therapeutic, with high levels of quality and excellence, where you can trust that you will obtain the best results. Similarly, I am part of the teaching and research group of the Fundaci\u00f3n Universitaria Sanitas, where the best gastroenterologists in the country are trained.<\/p>\n<p>I have a special emphasis on gastroesophageal reflux disease, irritable bowel, gastritis, and diseases of the pancreas, liver, and bile ducts, in which I can guide or perform treatments.<\/p>\t\t\t\t\t\t<\/div>\n\t\t\t\t<\/div>\n\t\t\t\t\t<\/div>\n\t\t<\/div>\n\t\t\t\t\t<\/div>\n\t\t<\/section>\n\t\t\t\t<section class=\"elementor-section elementor-top-section elementor-element elementor-element-61ec5310 elementor-section-full_width elementor-section-height-default elementor-section-height-default\" data-id=\"61ec5310\" data-element_type=\"section\">\n\t\t\t\t\t\t<div class=\"elementor-container elementor-column-gap-default\">\n\t\t\t\t\t<div class=\"elementor-column elementor-col-100 elementor-top-column elementor-element elementor-element-31642192\" data-id=\"31642192\" data-element_type=\"column\">\n\t\t\t<div class=\"elementor-widget-wrap elementor-element-populated\">\n\t\t\t\t\t\t<div class=\"elementor-element elementor-element-782b9267 elementor-widget elementor-widget-image\" data-id=\"782b9267\" data-element_type=\"widget\" data-settings=\"{&quot;motion_fx_motion_fx_scrolling&quot;:&quot;yes&quot;,&quot;motion_fx_devices&quot;:[&quot;desktop&quot;,&quot;tablet&quot;,&quot;mobile&quot;]}\" data-widget_type=\"image.default\">\n\t\t\t\t<div class=\"elementor-widget-container\">\n\t\t\t\t\t\t\t\t\t\t\t\t\t<img decoding=\"async\" width=\"1903\" height=\"705\" src=\"https:\/\/gastro.wilmarmartin.com.co\/wp-content\/uploads\/2022\/12\/Especialista-en-gastroenterologia.jpg\" class=\"attachment-full size-full wp-image-1506\" alt=\"\" srcset=\"https:\/\/gastro.wilmarmartin.com.co\/wp-content\/uploads\/2022\/12\/Especialista-en-gastroenterologia.jpg 1903w, https:\/\/gastro.wilmarmartin.com.co\/wp-content\/uploads\/2022\/12\/Especialista-en-gastroenterologia-300x111.jpg 300w, https:\/\/gastro.wilmarmartin.com.co\/wp-content\/uploads\/2022\/12\/Especialista-en-gastroenterologia-1024x379.jpg 1024w, https:\/\/gastro.wilmarmartin.com.co\/wp-content\/uploads\/2022\/12\/Especialista-en-gastroenterologia-768x285.jpg 768w, https:\/\/gastro.wilmarmartin.com.co\/wp-content\/uploads\/2022\/12\/Especialista-en-gastroenterologia-1536x569.jpg 1536w, https:\/\/gastro.wilmarmartin.com.co\/wp-content\/uploads\/2022\/12\/Especialista-en-gastroenterologia-18x7.jpg 18w\" sizes=\"(max-width: 1903px) 100vw, 1903px\" \/>\t\t\t\t\t\t\t\t\t\t\t\t\t<\/div>\n\t\t\t\t<\/div>\n\t\t\t\t\t<\/div>\n\t\t<\/div>\n\t\t\t\t\t<\/div>\n\t\t<\/section>\n\t\t\t\t<section class=\"elementor-section elementor-top-section elementor-element elementor-element-efb0223 elementor-section-boxed elementor-section-height-default elementor-section-height-default\" data-id=\"efb0223\" data-element_type=\"section\">\n\t\t\t\t\t\t<div class=\"elementor-container elementor-column-gap-default\">\n\t\t\t\t\t<div class=\"elementor-column elementor-col-50 elementor-top-column elementor-element elementor-element-ebd49dc\" data-id=\"ebd49dc\" data-element_type=\"column\">\n\t\t\t<div class=\"elementor-widget-wrap elementor-element-populated\">\n\t\t\t\t\t\t<section class=\"elementor-section elementor-inner-section elementor-element elementor-element-cb74c3f elementor-section-height-min-height elementor-section-boxed elementor-section-height-default\" data-id=\"cb74c3f\" data-element_type=\"section\">\n\t\t\t\t\t\t<div class=\"elementor-container elementor-column-gap-default\">\n\t\t\t\t\t<div class=\"elementor-column elementor-col-100 elementor-inner-column elementor-element elementor-element-3a1d22d\" data-id=\"3a1d22d\" data-element_type=\"column\">\n\t\t\t<div class=\"elementor-widget-wrap elementor-element-populated\">\n\t\t\t\t\t\t<div class=\"elementor-element elementor-element-63b332f elementor-widget elementor-widget-heading\" data-id=\"63b332f\" data-element_type=\"widget\" data-widget_type=\"heading.default\">\n\t\t\t\t<div class=\"elementor-widget-container\">\n\t\t\t<h2 class=\"elementor-heading-title elementor-size-default\">OUR\n<br><b>MISSION<\/b><\/h2>\t\t<\/div>\n\t\t\t\t<\/div>\n\t\t\t\t<div class=\"elementor-element elementor-element-98f4923 elementor-widget elementor-widget-text-editor\" data-id=\"98f4923\" data-element_type=\"widget\" data-widget_type=\"text-editor.default\">\n\t\t\t\t<div class=\"elementor-widget-container\">\n\t\t\t\t\t\t\t<p>Have an adequate analysis and evaluation of the case, to provide the best recommendations and treatments.<\/p>\t\t\t\t\t\t<\/div>\n\t\t\t\t<\/div>\n\t\t\t\t\t<\/div>\n\t\t<\/div>\n\t\t\t\t\t<\/div>\n\t\t<\/section>\n\t\t\t\t\t<\/div>\n\t\t<\/div>\n\t\t\t\t<div class=\"elementor-column elementor-col-50 elementor-top-column elementor-element elementor-element-aa36b1d\" data-id=\"aa36b1d\" data-element_type=\"column\">\n\t\t\t<div class=\"elementor-widget-wrap elementor-element-populated\">\n\t\t\t\t\t\t<div class=\"elementor-element elementor-element-6570f8e elementor-widget elementor-widget-image\" data-id=\"6570f8e\" data-element_type=\"widget\" data-widget_type=\"image.default\">\n\t\t\t\t<div class=\"elementor-widget-container\">\n\t\t\t\t\t\t\t\t\t\t\t\t\t<img decoding=\"async\" width=\"434\" height=\"434\" src=\"https:\/\/gastro.wilmarmartin.com.co\/wp-content\/uploads\/2022\/12\/Balon-Dr-German.jpg\" class=\"attachment-full size-full wp-image-1512\" alt=\"\" srcset=\"https:\/\/gastro.wilmarmartin.com.co\/wp-content\/uploads\/2022\/12\/Balon-Dr-German.jpg 434w, https:\/\/gastro.wilmarmartin.com.co\/wp-content\/uploads\/2022\/12\/Balon-Dr-German-300x300.jpg 300w, https:\/\/gastro.wilmarmartin.com.co\/wp-content\/uploads\/2022\/12\/Balon-Dr-German-150x150.jpg 150w, https:\/\/gastro.wilmarmartin.com.co\/wp-content\/uploads\/2022\/12\/Balon-Dr-German-12x12.jpg 12w\" sizes=\"(max-width: 434px) 100vw, 434px\" \/>\t\t\t\t\t\t\t\t\t\t\t\t\t<\/div>\n\t\t\t\t<\/div>\n\t\t\t\t\t<\/div>\n\t\t<\/div>\n\t\t\t\t\t<\/div>\n\t\t<\/section>\n\t\t\t\t<section class=\"elementor-section elementor-top-section elementor-element elementor-element-7688350 elementor-section-boxed elementor-section-height-default elementor-section-height-default\" data-id=\"7688350\" data-element_type=\"section\" data-settings=\"{&quot;background_background&quot;:&quot;classic&quot;}\">\n\t\t\t\t\t\t<div class=\"elementor-container elementor-column-gap-default\">\n\t\t\t\t\t<div class=\"elementor-column elementor-col-50 elementor-top-column elementor-element elementor-element-2520d3f2\" data-id=\"2520d3f2\" data-element_type=\"column\">\n\t\t\t<div class=\"elementor-widget-wrap elementor-element-populated\">\n\t\t\t\t\t\t<div class=\"elementor-element elementor-element-4a7ce92 elementor-widget-divider--view-line elementor-widget elementor-widget-divider\" data-id=\"4a7ce92\" data-element_type=\"widget\" data-settings=\"{&quot;motion_fx_motion_fx_scrolling&quot;:&quot;yes&quot;,&quot;motion_fx_translateX_effect&quot;:&quot;yes&quot;,&quot;motion_fx_translateX_direction&quot;:&quot;negative&quot;,&quot;motion_fx_translateX_speed&quot;:{&quot;unit&quot;:&quot;px&quot;,&quot;size&quot;:&quot;0.5&quot;,&quot;sizes&quot;:[]},&quot;motion_fx_devices&quot;:[&quot;desktop&quot;,&quot;tablet&quot;],&quot;motion_fx_translateX_affectedRange&quot;:{&quot;unit&quot;:&quot;%&quot;,&quot;size&quot;:&quot;&quot;,&quot;sizes&quot;:{&quot;start&quot;:0,&quot;end&quot;:100}}}\" data-widget_type=\"divider.default\">\n\t\t\t\t<div class=\"elementor-widget-container\">\n\t\t\t\t\t<div class=\"elementor-divider\">\n\t\t\t<span class=\"elementor-divider-separator\">\n\t\t\t\t\t\t<\/span>\n\t\t<\/div>\n\t\t\t\t<\/div>\n\t\t\t\t<\/div>\n\t\t\t\t<div class=\"elementor-element elementor-element-a8cddde elementor-widget elementor-widget-heading\" data-id=\"a8cddde\" data-element_type=\"widget\" data-widget_type=\"heading.default\">\n\t\t\t\t<div class=\"elementor-widget-container\">\n\t\t\t<h2 class=\"elementor-heading-title elementor-size-default\">OUR\n<br><b>vision<\/b><\/h2>\t\t<\/div>\n\t\t\t\t<\/div>\n\t\t\t\t<div class=\"elementor-element elementor-element-80008ea elementor-widget elementor-widget-text-editor\" data-id=\"80008ea\" data-element_type=\"widget\" data-widget_type=\"text-editor.default\">\n\t\t\t\t<div class=\"elementor-widget-container\">\n\t\t\t\t\t\t\t<p>To establish itself as a leading professional in the field of Gastroenterology and Digestive Endoscopy, to obtain the best results in patients.<\/p>\t\t\t\t\t\t<\/div>\n\t\t\t\t<\/div>\n\t\t\t\t\t<\/div>\n\t\t<\/div>\n\t\t\t\t<div class=\"elementor-column elementor-col-50 elementor-top-column elementor-element elementor-element-30ee22e\" data-id=\"30ee22e\" data-element_type=\"column\">\n\t\t\t<div class=\"elementor-widget-wrap elementor-element-populated\">\n\t\t\t\t\t\t<div class=\"elementor-element elementor-element-dad575e elementor-widget elementor-widget-heading\" data-id=\"dad575e\" data-element_type=\"widget\" data-widget_type=\"heading.default\">\n\t\t\t\t<div class=\"elementor-widget-container\">\n\t\t\t<h2 class=\"elementor-heading-title elementor-size-default\">corporate\n<br><b>Values<\/b><\/h2>\t\t<\/div>\n\t\t\t\t<\/div>\n\t\t\t\t<div class=\"elementor-element elementor-element-7d7d33a elementor-widget elementor-widget-text-editor\" data-id=\"7d7d33a\" data-element_type=\"widget\" data-widget_type=\"text-editor.default\">\n\t\t\t\t<div class=\"elementor-widget-container\">\n\t\t\t\t\t\t\t<ul><li>Quality<\/li><li>Ethics<\/li><li>Dynamism<\/li><li>environmentally responsible<\/li><li>Social responsability<\/li><li>human sensitivity<\/li><li>Improve the quality of life of patients<\/li><li>High standards and training of specialist doctors<\/li><li>Compliance and responsibility<\/li><\/ul>\t\t\t\t\t\t<\/div>\n\t\t\t\t<\/div>\n\t\t\t\t\t<\/div>\n\t\t<\/div>\n\t\t\t\t\t<\/div>\n\t\t<\/section>\n\t\t\t\t<section class=\"elementor-section elementor-top-section elementor-element elementor-element-2eb14bb elementor-section-boxed elementor-section-height-default elementor-section-height-default\" data-id=\"2eb14bb\" data-element_type=\"section\">\n\t\t\t\t\t\t<div class=\"elementor-container elementor-column-gap-default\">\n\t\t\t\t\t<div class=\"elementor-column elementor-col-50 elementor-top-column elementor-element elementor-element-c706218\" data-id=\"c706218\" data-element_type=\"column\">\n\t\t\t<div class=\"elementor-widget-wrap elementor-element-populated\">\n\t\t\t\t\t\t<div class=\"elementor-element elementor-element-32253cf elementor-widget elementor-widget-heading\" data-id=\"32253cf\" data-element_type=\"widget\" data-widget_type=\"heading.default\">\n\t\t\t\t<div class=\"elementor-widget-container\">\n\t\t\t<h1 class=\"elementor-heading-title elementor-size-default\">AUTHORIZATION <b>SECRETARY OF HEALTH <\/b><\/h1>\t\t<\/div>\n\t\t\t\t<\/div>\n\t\t\t\t\t<\/div>\n\t\t<\/div>\n\t\t\t\t<div class=\"elementor-column elementor-col-50 elementor-top-column elementor-element elementor-element-7b5e6a4\" data-id=\"7b5e6a4\" data-element_type=\"column\">\n\t\t\t<div class=\"elementor-widget-wrap\">\n\t\t\t\t\t\t\t<\/div>\n\t\t<\/div>\n\t\t\t\t\t<\/div>\n\t\t<\/section>\n\t\t\t\t<section class=\"elementor-section elementor-top-section elementor-element elementor-element-1b015b1 elementor-section-boxed elementor-section-height-default elementor-section-height-default\" data-id=\"1b015b1\" data-element_type=\"section\">\n\t\t\t\t\t\t<div class=\"elementor-container elementor-column-gap-default\">\n\t\t\t\t\t<div class=\"elementor-column elementor-col-50 elementor-top-column elementor-element elementor-element-1db7116\" data-id=\"1db7116\" data-element_type=\"column\">\n\t\t\t<div class=\"elementor-widget-wrap elementor-element-populated\">\n\t\t\t\t\t\t<div class=\"elementor-element elementor-element-7f2661c elementor-widget elementor-widget-image\" data-id=\"7f2661c\" data-element_type=\"widget\" data-widget_type=\"image.default\">\n\t\t\t\t<div class=\"elementor-widget-container\">\n\t\t\t\t\t\t\t\t\t\t\t\t\t\t<a href=\"https:\/\/gastro.wilmarmartin.com.co\/wp-content\/uploads\/2021\/03\/InsigniaGastro.jpg\" data-elementor-open-lightbox=\"yes\" data-elementor-lightbox-title=\"InsigniaGastro\" data-e-action-hash=\"#elementor-action%3Aaction%3Dlightbox%26settings%3DeyJpZCI6MTIyMiwidXJsIjoiaHR0cHM6XC9cL2dhc3Ryby53aWxtYXJtYXJ0aW4uY29tLmNvXC93cC1jb250ZW50XC91cGxvYWRzXC8yMDIxXC8wM1wvSW5zaWduaWFHYXN0cm8uanBnIn0%3D\">\n\t\t\t\t\t\t\t<img loading=\"lazy\" decoding=\"async\" width=\"258\" height=\"300\" src=\"https:\/\/gastro.wilmarmartin.com.co\/wp-content\/uploads\/2021\/03\/InsigniaGastro-258x300.jpg\" class=\"attachment-medium size-medium wp-image-1222\" alt=\"\" srcset=\"https:\/\/gastro.wilmarmartin.com.co\/wp-content\/uploads\/2021\/03\/InsigniaGastro-258x300.jpg 258w, https:\/\/gastro.wilmarmartin.com.co\/wp-content\/uploads\/2021\/03\/InsigniaGastro.jpg 705w\" sizes=\"(max-width: 258px) 100vw, 258px\" \/>\t\t\t\t\t\t\t\t<\/a>\n\t\t\t\t\t\t\t\t\t\t\t\t\t<\/div>\n\t\t\t\t<\/div>\n\t\t\t\t\t<\/div>\n\t\t<\/div>\n\t\t\t\t<div class=\"elementor-column elementor-col-50 elementor-top-column elementor-element elementor-element-67f4240\" data-id=\"67f4240\" data-element_type=\"column\">\n\t\t\t<div class=\"elementor-widget-wrap elementor-element-populated\">\n\t\t\t\t\t\t<div class=\"elementor-element elementor-element-26998c1 elementor-widget elementor-widget-image\" data-id=\"26998c1\" data-element_type=\"widget\" data-widget_type=\"image.default\">\n\t\t\t\t<div class=\"elementor-widget-container\">\n\t\t\t\t\t\t\t\t\t\t\t\t\t\t<a href=\"https:\/\/gastro.wilmarmartin.com.co\/wp-content\/uploads\/2021\/03\/InsigniaEndo.jpg\" data-elementor-open-lightbox=\"yes\" data-elementor-lightbox-title=\"InsigniaEndo\" data-e-action-hash=\"#elementor-action%3Aaction%3Dlightbox%26settings%3DeyJpZCI6MTIyMSwidXJsIjoiaHR0cHM6XC9cL2dhc3Ryby53aWxtYXJtYXJ0aW4uY29tLmNvXC93cC1jb250ZW50XC91cGxvYWRzXC8yMDIxXC8wM1wvSW5zaWduaWFFbmRvLmpwZyJ9\">\n\t\t\t\t\t\t\t<img loading=\"lazy\" decoding=\"async\" width=\"261\" height=\"300\" src=\"https:\/\/gastro.wilmarmartin.com.co\/wp-content\/uploads\/2021\/03\/InsigniaEndo-261x300.jpg\" class=\"attachment-medium size-medium wp-image-1221\" alt=\"\" srcset=\"https:\/\/gastro.wilmarmartin.com.co\/wp-content\/uploads\/2021\/03\/InsigniaEndo-261x300.jpg 261w, https:\/\/gastro.wilmarmartin.com.co\/wp-content\/uploads\/2021\/03\/InsigniaEndo.jpg 708w\" sizes=\"(max-width: 261px) 100vw, 261px\" \/>\t\t\t\t\t\t\t\t<\/a>\n\t\t\t\t\t\t\t\t\t\t\t\t\t<\/div>\n\t\t\t\t<\/div>\n\t\t\t\t\t<\/div>\n\t\t<\/div>\n\t\t\t\t\t<\/div>\n\t\t<\/section>\n\t\t\t\t<\/div>","protected":false},"excerpt":{"rendered":"<p>Mi historia en la medicina &#8220; m\u00e9dico cirujano \/\/ gastroenter\u00f3logo Germ\u00e1n Carvajal El Dr. Germ\u00e1n Carvajal es un distinguido gastroenter\u00f3logo con una amplia formaci\u00f3n y experiencia en el campo de la medicina. Se gradu\u00f3 como M\u00e9dico Cirujano de la Universidad Nacional de Colombia, donde tambi\u00e9n realiz\u00f3 su especializaci\u00f3n en Cirug\u00eda General. Posteriormente, se especializ\u00f3 en [&hellip;]<\/p>","protected":false},"author":1,"featured_media":0,"parent":0,"menu_order":0,"comment_status":"closed","ping_status":"closed","template":"elementor_header_footer","meta":{"inline_featured_image":false,"footnotes":""},"class_list":["post-2","page","type-page","status-publish","hentry"],"_links":{"self":[{"href":"https:\/\/gastro.wilmarmartin.com.co\/en\/wp-json\/wp\/v2\/pages\/2","targetHints":{"allow":["GET"]}}],"collection":[{"href":"https:\/\/gastro.wilmarmartin.com.co\/en\/wp-json\/wp\/v2\/pages"}],"about":[{"href":"https:\/\/gastro.wilmarmartin.com.co\/en\/wp-json\/wp\/v2\/types\/page"}],"author":[{"embeddable":true,"href":"https:\/\/gastro.wilmarmartin.com.co\/en\/wp-json\/wp\/v2\/users\/1"}],"replies":[{"embeddable":true,"href":"https:\/\/gastro.wilmarmartin.com.co\/en\/wp-json\/wp\/v2\/comments?post=2"}],"version-history":[{"count":188,"href":"https:\/\/gastro.wilmarmartin.com.co\/en\/wp-json\/wp\/v2\/pages\/2\/revisions"}],"predecessor-version":[{"id":1744,"href":"https:\/\/gastro.wilmarmartin.com.co\/en\/wp-json\/wp\/v2\/pages\/2\/revisions\/1744"}],"wp:attachment":[{"href":"https:\/\/gastro.wilmarmartin.com.co\/en\/wp-json\/wp\/v2\/media?parent=2"}],"curies":[{"name":"wp","href":"https:\/\/api.w.org\/{rel}","templated":true}]}}