{"id":111,"date":"2021-01-27T13:36:51","date_gmt":"2021-01-27T18:36:51","guid":{"rendered":"https:\/\/gastro.wilmarmartin.com.co\/?page_id=111"},"modified":"2023-05-02T17:27:40","modified_gmt":"2023-05-02T22:27:40","slug":"contactenos","status":"publish","type":"page","link":"https:\/\/gastro.wilmarmartin.com.co\/en\/contactenos\/","title":{"rendered":"Contact us"},"content":{"rendered":"<div data-elementor-type=\"wp-page\" data-elementor-id=\"111\" class=\"elementor elementor-111\">\n\t\t\t\t\t\t<section class=\"elementor-section elementor-top-section elementor-element elementor-element-2dae960b elementor-section-boxed elementor-section-height-default elementor-section-height-default\" data-id=\"2dae960b\" data-element_type=\"section\" data-settings=\"{&quot;background_background&quot;:&quot;classic&quot;}\">\n\t\t\t\t\t\t<div class=\"elementor-container elementor-column-gap-default\">\n\t\t\t\t\t<div class=\"elementor-column elementor-col-100 elementor-top-column elementor-element elementor-element-6c13e562\" data-id=\"6c13e562\" data-element_type=\"column\" data-settings=\"{&quot;background_background&quot;:&quot;classic&quot;}\">\n\t\t\t<div class=\"elementor-widget-wrap elementor-element-populated\">\n\t\t\t\t\t\t<div class=\"elementor-element elementor-element-1c9a818a elementor-widget elementor-widget-heading\" data-id=\"1c9a818a\" data-element_type=\"widget\" data-widget_type=\"heading.default\">\n\t\t\t\t<div class=\"elementor-widget-container\">\n\t\t\t<p class=\"elementor-heading-title elementor-size-default\">Consult with <b>professionals<\/p>\t\t<\/div>\n\t\t\t\t<\/div>\n\t\t\t\t<div class=\"elementor-element elementor-element-4c943a35 elementor-widget-divider--view-line elementor-widget elementor-widget-divider\" data-id=\"4c943a35\" data-element_type=\"widget\" data-widget_type=\"divider.default\">\n\t\t\t\t<div class=\"elementor-widget-container\">\n\t\t\t\t\t<div class=\"elementor-divider\">\n\t\t\t<span class=\"elementor-divider-separator\">\n\t\t\t\t\t\t<\/span>\n\t\t<\/div>\n\t\t\t\t<\/div>\n\t\t\t\t<\/div>\n\t\t\t\t<div class=\"elementor-element elementor-element-5d2ed679 elementor-widget elementor-widget-heading\" data-id=\"5d2ed679\" data-element_type=\"widget\" data-widget_type=\"heading.default\">\n\t\t\t\t<div class=\"elementor-widget-container\">\n\t\t\t<h2 class=\"elementor-heading-title elementor-size-default\">Contact us<\/h2>\t\t<\/div>\n\t\t\t\t<\/div>\n\t\t\t\t<div class=\"elementor-element elementor-element-22808e9c elementor-button-align-center elementor-tablet-button-align-stretch elementor-mobile-button-align-stretch elementor-widget elementor-widget-form\" data-id=\"22808e9c\" data-element_type=\"widget\" data-settings=\"{&quot;step_next_label&quot;:&quot;Next&quot;,&quot;step_previous_label&quot;:&quot;Previous&quot;,&quot;button_width&quot;:&quot;100&quot;,&quot;step_type&quot;:&quot;number_text&quot;,&quot;step_icon_shape&quot;:&quot;circle&quot;}\" data-widget_type=\"form.default\">\n\t\t\t\t<div class=\"elementor-widget-container\">\n\t\t\t\t\t<form class=\"elementor-form\" method=\"post\" name=\"New Form\" action=\"\">\n\t\t\t<input type=\"hidden\" name=\"post_id\" value=\"111\"\/>\n\t\t\t<input type=\"hidden\" name=\"form_id\" value=\"22808e9c\"\/>\n\t\t\t<input type=\"hidden\" name=\"referer_title\" value=\"\" \/>\n\n\t\t\t\n\t\t\t<div class=\"elementor-form-fields-wrapper elementor-labels-above\">\n\t\t\t\t\t\t\t\t<div class=\"elementor-field-type-text elementor-field-group elementor-column elementor-field-group-ls8f5vw elementor-col-33 elementor-field-required\">\n\t\t\t\t\t\t\t\t\t\t\t\t\t<input size=\"1\" type=\"text\" name=\"form_fields[ls8f5vw]\" id=\"form-field-ls8f5vw\" class=\"elementor-field elementor-size-sm  elementor-field-textual\" placeholder=\"Name\" required=\"required\" aria-required=\"true\">\n\t\t\t\t\t\t\t\t\t\t\t<\/div>\n\t\t\t\t\t\t\t\t<div class=\"elementor-field-type-email elementor-field-group elementor-column elementor-field-group-61jgmeg elementor-col-33 elementor-field-required\">\n\t\t\t\t\t\t\t\t\t\t\t\t\t<input size=\"1\" type=\"email\" name=\"form_fields[61jgmeg]\" id=\"form-field-61jgmeg\" class=\"elementor-field elementor-size-sm  elementor-field-textual\" placeholder=\"E-mail\" required=\"required\" aria-required=\"true\">\n\t\t\t\t\t\t\t\t\t\t\t<\/div>\n\t\t\t\t\t\t\t\t<div class=\"elementor-field-type-text elementor-field-group elementor-column elementor-field-group-vcfzijy elementor-col-33 elementor-field-required\">\n\t\t\t\t\t\t\t\t\t\t\t\t\t<input size=\"1\" type=\"text\" name=\"form_fields[vcfzijy]\" id=\"form-field-vcfzijy\" class=\"elementor-field elementor-size-sm  elementor-field-textual\" placeholder=\"Telephone\" required=\"required\" aria-required=\"true\">\n\t\t\t\t\t\t\t\t\t\t\t<\/div>\n\t\t\t\t\t\t\t\t<div class=\"elementor-field-type-text elementor-field-group elementor-column elementor-field-group-125shfm elementor-col-100\">\n\t\t\t\t\t\t\t\t\t\t\t\t\t<input size=\"1\" type=\"text\" name=\"form_fields[125shfm]\" id=\"form-field-125shfm\" class=\"elementor-field elementor-size-sm  elementor-field-textual\" placeholder=\"Affair\">\n\t\t\t\t\t\t\t\t\t\t\t<\/div>\n\t\t\t\t\t\t\t\t<div class=\"elementor-field-type-textarea elementor-field-group elementor-column elementor-field-group-uvnsnlz elementor-col-100\">\n\t\t\t\t\t<textarea class=\"elementor-field-textual elementor-field  elementor-size-sm\" name=\"form_fields[uvnsnlz]\" id=\"form-field-uvnsnlz\" rows=\"4\" placeholder=\"Your message\"><\/textarea>\t\t\t\t<\/div>\n\t\t\t\t\t\t\t\t<div class=\"elementor-field-type-acceptance elementor-field-group elementor-column elementor-field-group-field_e794233 elementor-col-100 elementor-field-required\">\n\t\t\t\t\t\t\t<div class=\"elementor-field-subgroup\">\n\t\t\t<span class=\"elementor-field-option\">\n\t\t\t\t<input type=\"checkbox\" name=\"form_fields[field_e794233]\" id=\"form-field-field_e794233\" class=\"elementor-field elementor-size-sm  elementor-acceptance-field\" required=\"required\" aria-required=\"true\" checked=\"checked\">\n\t\t\t\t<label for=\"form-field-field_e794233\">I accept the data treatment<\/label>\t\t\t<\/span>\n\t\t<\/div>\n\t\t\t\t\t\t<\/div>\n\t\t\t\t\t\t\t\t<div class=\"elementor-field-group elementor-column elementor-field-type-submit elementor-col-100 e-form__buttons\">\n\t\t\t\t\t<button type=\"submit\" class=\"elementor-button elementor-size-sm\">\n\t\t\t\t\t\t<span >\n\t\t\t\t\t\t\t\t\t\t\t\t\t\t\t<span class=\"elementor-button-icon\">\n\t\t\t\t\t\t\t\t\t\t\t\t\t\t\t\t\t\t\t\t\t\t\t\t\t\t<\/span>\n\t\t\t\t\t\t\t\t\t\t\t\t\t\t\t\t\t\t\t\t\t\t<span class=\"elementor-button-text\">Send<\/span>\n\t\t\t\t\t\t\t\t\t\t\t\t\t<\/span>\n\t\t\t\t\t<\/button>\n\t\t\t\t<\/div>\n\t\t\t<\/div>\n\t\t<input type=\"hidden\" name=\"trp-form-language\" value=\"en\"\/><\/form>\n\t\t\t\t<\/div>\n\t\t\t\t<\/div>\n\t\t\t\t<div class=\"elementor-element elementor-element-b9e61af elementor-widget elementor-widget-heading\" data-id=\"b9e61af\" data-element_type=\"widget\" data-widget_type=\"heading.default\">\n\t\t\t\t<div class=\"elementor-widget-container\">\n\t\t\t<h2 class=\"elementor-heading-title elementor-size-default\"><a href=\"#elementor-action:action=popup:open&settings=eyJpZCI6IjQ5MyIsInRvZ2dsZSI6ZmFsc2V9\">To know the conditions for data processing click here.<\/a><\/h2>\t\t<\/div>\n\t\t\t\t<\/div>\n\t\t\t\t<section class=\"elementor-section elementor-inner-section elementor-element elementor-element-3740e1cf elementor-section-boxed elementor-section-height-default elementor-section-height-default\" data-id=\"3740e1cf\" data-element_type=\"section\">\n\t\t\t\t\t\t<div class=\"elementor-container elementor-column-gap-default\">\n\t\t\t\t\t<div class=\"elementor-column elementor-col-50 elementor-inner-column elementor-element elementor-element-7a73791e\" data-id=\"7a73791e\" data-element_type=\"column\">\n\t\t\t<div class=\"elementor-widget-wrap elementor-element-populated\">\n\t\t\t\t\t\t<div class=\"elementor-element elementor-element-40e11a87 elementor-widget elementor-widget-heading\" data-id=\"40e11a87\" data-element_type=\"widget\" data-widget_type=\"heading.default\">\n\t\t\t\t<div class=\"elementor-widget-container\">\n\t\t\t<h3 class=\"elementor-heading-title elementor-size-default\">Contact information<\/h3>\t\t<\/div>\n\t\t\t\t<\/div>\n\t\t\t\t<div class=\"elementor-element elementor-element-5e9691bf elementor-widget elementor-widget-text-editor\" data-id=\"5e9691bf\" data-element_type=\"widget\" data-widget_type=\"text-editor.default\">\n\t\t\t\t<div class=\"elementor-widget-container\">\n\t\t\t\t\t\t\t<p>Contact us by filling out the form, we will contact you shortly. You can also do it by phone or by email. We're at your service.<\/p>\n<p><b>Address: <\/b>Street 127 BIS #19 25 Building Image 127 Office 403<\/p>\n<p><b>Phone:<\/b> +57 1 3003555<\/p>\n<p><b>Cell phones:<\/b> +57 321 306 41 54&nbsp; \/ 305 332 25 81<br><b><br>Email:<\/b> contacto@gastro.wilmarmartin.com.co<br><b><br>Hours:<\/b> Monday to Friday: from 7:00 am to 12 noon and from 1:00 pm to 5 pm Saturday: from 7:00 am to 12:30 pm<\/p>\t\t\t\t\t\t<\/div>\n\t\t\t\t<\/div>\n\t\t\t\t\t<\/div>\n\t\t<\/div>\n\t\t\t\t<div class=\"elementor-column elementor-col-50 elementor-inner-column elementor-element elementor-element-313889ce\" data-id=\"313889ce\" data-element_type=\"column\">\n\t\t\t<div class=\"elementor-widget-wrap elementor-element-populated\">\n\t\t\t\t\t\t<div class=\"elementor-element elementor-element-7f110af9 elementor-widget elementor-widget-google_maps\" data-id=\"7f110af9\" data-element_type=\"widget\" data-widget_type=\"google_maps.default\">\n\t\t\t\t<div class=\"elementor-widget-container\">\n\t\t\t\t\t<div class=\"elementor-custom-embed\">\n\t\t\t<iframe loading=\"lazy\"\n\t\t\t\t\tsrc=\"https:\/\/maps.google.com\/maps?q=Servicios%20Gastroenterolog%C3%ADa%20Bogot%C3%A1%20Cl.%20127%20Bis%20%23No.%2019%2025%2C%20Bogot%C3%A1&#038;t=m&#038;z=14&#038;output=embed&#038;iwloc=near\"\n\t\t\t\t\ttitle=\"Servicios Gastroenterolog\u00eda Bogot\u00e1 Cl. 127 Bis #No. 19 25, Bogot\u00e1\"\n\t\t\t\t\taria-label=\"Servicios Gastroenterolog\u00eda Bogot\u00e1 Cl. 127 Bis #No. 19 25, Bogot\u00e1\"\n\t\t\t><\/iframe>\n\t\t<\/div>\n\t\t\t\t<\/div>\n\t\t\t\t<\/div>\n\t\t\t\t<div class=\"elementor-element elementor-element-78a751a elementor-widget elementor-widget-heading\" data-id=\"78a751a\" data-element_type=\"widget\" data-widget_type=\"heading.default\">\n\t\t\t\t<div class=\"elementor-widget-container\">\n\t\t\t<h3 class=\"elementor-heading-title elementor-size-default\">Goole Maps<\/h3>\t\t<\/div>\n\t\t\t\t<\/div>\n\t\t\t\t<div class=\"elementor-element elementor-element-d47a62a elementor-view-default elementor-widget elementor-widget-icon\" data-id=\"d47a62a\" data-element_type=\"widget\" data-widget_type=\"icon.default\">\n\t\t\t\t<div class=\"elementor-widget-container\">\n\t\t\t\t\t<div class=\"elementor-icon-wrapper\">\n\t\t\t<a class=\"elementor-icon\" href=\"https:\/\/goo.gl\/maps\/PhULpZQ463fGZP8VA\">\n\t\t\t<svg xmlns=\"http:\/\/www.w3.org\/2000\/svg\" xmlns:xlink=\"http:\/\/www.w3.org\/1999\/xlink\" id=\"katman_1\" x=\"0px\" y=\"0px\" viewbox=\"0 0 274 348.9\" style=\"enable-background:new 0 0 274 348.9;\" xml:space=\"preserve\"><style type=\"text\/css\">\t.st0{fill:#34A853;}\t.st1{fill:#FBBC04;}\t.st2{fill:#4285F4;}\t.st3{fill:#1A73E8;}\t.st4{fill:#EA4335;}<\/style><g>\t<path id=\"path835_1_\" class=\"st0\" d=\"M83.8,256.4   C94.3,269.5,105,286,110.6,296c6.8,13,9.6,21.7,14.7,37.3c3,8.6,5.8,11.2,11.7,11.2c6.5,0,9.5-4.4,11.7-11.2   c4.7-14.7,8.4-25.9,14.2-36.6c11.4-20.5,25.7-38.7,39.7-56.2c3.9-4.9,28.4-33.8,39.4-56.7c0,0,13.5-25,13.5-60.1   c0-32.7-13.3-55.5-13.3-55.5L83.8,256.4z\"><\/path>\t<path id=\"path833_1_\" class=\"st1\" d=\"M30,179.5   c12.8,29.1,37.1,54.4,53.7,76.9L171.8,152c0,0-12.4,16.3-34.8,16.3c-25,0-45.3-20-45.3-45.2c0-17.3,10.3-29.2,10.3-29.2L30,179.5z\"><\/path>\t<path id=\"path831_1_\" class=\"st2\" d=\"M172.9,9.9   c29.2,9.5,54.3,29.2,69.3,58.5l-70.4,83.9c0,0,10.3-12.1,10.3-29.2c0-25.7-21.7-45.2-45.2-45.2c-22.2,0-35,16.1-35,16.1L172.9,9.9z   \"><\/path>\t<path id=\"path829_1_\" class=\"st3\" d=\"M46.1,46.8   C63.6,26,94.3,4.4,136.6,4.4c20.5,0,36.1,5.4,36.1,5.4l-70.7,84L46.1,46.8z\"><\/path>\t<path id=\"path827_1_\" class=\"st4\" d=\"M30,179.5   c0,0-11.6-22.9-11.6-56c0-31.3,12.3-58.7,27.8-76.5l55.8,47.1L30,179.5z\"><\/path><\/g><\/svg>\t\t\t<\/a>\n\t\t<\/div>\n\t\t\t\t<\/div>\n\t\t\t\t<\/div>\n\t\t\t\t\t<\/div>\n\t\t<\/div>\n\t\t\t\t\t<\/div>\n\t\t<\/section>\n\t\t\t\t\t<\/div>\n\t\t<\/div>\n\t\t\t\t\t<\/div>\n\t\t<\/section>\n\t\t\t\t<\/div>","protected":false},"excerpt":{"rendered":"<p>Consulte con profesionales Cont\u00e1ctenos Para conocer las condiciones para el tratamiento de datos de clic ac\u00e1. Informaci\u00f3n de Contacto Cont\u00e1ctenos rellenando el formulario, nos pondremos en contacto prontamente. Tambi\u00e9n puede hacerlo via telef\u00f3nica o por email. Estamos para servirle. Direcci\u00f3n: Cll 127 BIS #19 25 Edificio Imagen 127 Consultorio 403 Tel\u00e9fono: +57 1 3003555 Celulares: [&hellip;]<\/p>","protected":false},"author":1,"featured_media":0,"parent":0,"menu_order":0,"comment_status":"closed","ping_status":"closed","template":"elementor_header_footer","meta":{"inline_featured_image":false,"footnotes":""},"class_list":["post-111","page","type-page","status-publish","hentry"],"_links":{"self":[{"href":"https:\/\/gastro.wilmarmartin.com.co\/en\/wp-json\/wp\/v2\/pages\/111","targetHints":{"allow":["GET"]}}],"collection":[{"href":"https:\/\/gastro.wilmarmartin.com.co\/en\/wp-json\/wp\/v2\/pages"}],"about":[{"href":"https:\/\/gastro.wilmarmartin.com.co\/en\/wp-json\/wp\/v2\/types\/page"}],"author":[{"embeddable":true,"href":"https:\/\/gastro.wilmarmartin.com.co\/en\/wp-json\/wp\/v2\/users\/1"}],"replies":[{"embeddable":true,"href":"https:\/\/gastro.wilmarmartin.com.co\/en\/wp-json\/wp\/v2\/comments?post=111"}],"version-history":[{"count":143,"href":"https:\/\/gastro.wilmarmartin.com.co\/en\/wp-json\/wp\/v2\/pages\/111\/revisions"}],"predecessor-version":[{"id":1905,"href":"https:\/\/gastro.wilmarmartin.com.co\/en\/wp-json\/wp\/v2\/pages\/111\/revisions\/1905"}],"wp:attachment":[{"href":"https:\/\/gastro.wilmarmartin.com.co\/en\/wp-json\/wp\/v2\/media?parent=111"}],"curies":[{"name":"wp","href":"https:\/\/api.w.org\/{rel}","templated":true}]}}